{"id":1018,"date":"2024-04-13T12:18:29","date_gmt":"2024-04-13T12:18:29","guid":{"rendered":"https:\/\/motownparc.com\/actualites\/"},"modified":"2024-11-04T12:34:58","modified_gmt":"2024-11-04T12:34:58","slug":"actualites","status":"publish","type":"page","link":"https:\/\/motownparc.com\/fr\/actualites\/","title":{"rendered":"Actualit\u00e9s"},"content":{"rendered":"<p>[et_pb_section fb_built=\u00a0\u00bb1&Prime; custom_padding_last_edited=\u00a0\u00bbon|phone\u00a0\u00bb admin_label=\u00a0\u00bbSection\u00a0\u00bb _builder_version=\u00a0\u00bb4.23.4&Prime; _module_preset=\u00a0\u00bbdefault\u00a0\u00bb custom_padding=\u00a0\u00bb11rem||2rem||false|false\u00a0\u00bb custom_padding_tablet=\u00a0\u00bb9rem||0rem||false|false\u00a0\u00bb custom_padding_phone=\u00a0\u00bb6rem||0rem||false|false\u00a0\u00bb da_disable_devices=\u00a0\u00bboff|off|off\u00a0\u00bb locked=\u00a0\u00bboff\u00a0\u00bb global_colors_info=\u00a0\u00bb{}\u00a0\u00bb da_is_popup=\u00a0\u00bboff\u00a0\u00bb da_exit_intent=\u00a0\u00bboff\u00a0\u00bb da_has_close=\u00a0\u00bbon\u00a0\u00bb da_alt_close=\u00a0\u00bboff\u00a0\u00bb da_dark_close=\u00a0\u00bboff\u00a0\u00bb da_not_modal=\u00a0\u00bbon\u00a0\u00bb da_is_singular=\u00a0\u00bboff\u00a0\u00bb da_with_loader=\u00a0\u00bboff\u00a0\u00bb da_has_shadow=\u00a0\u00bbon\u00a0\u00bb][et_pb_row custom_padding_last_edited=\u00a0\u00bbon|phone\u00a0\u00bb module_class=\u00a0\u00bbuw-row\u00a0\u00bb _builder_version=\u00a0\u00bb4.23.4&Prime; _module_preset=\u00a0\u00bbdefault\u00a0\u00bb width=\u00a0\u00bb100%\u00a0\u00bb max_width=\u00a0\u00bb1200px\u00a0\u00bb custom_padding=\u00a0\u00bb|40px||40px|false|true\u00a0\u00bb custom_padding_tablet=\u00a0\u00bb|30px||30px|false|true\u00a0\u00bb custom_padding_phone=\u00a0\u00bb|20px||20px|false|true\u00a0\u00bb custom_css_main_element=\u00a0\u00bbdisplay: flex;||align-items: center;\u00a0\u00bb global_colors_info=\u00a0\u00bb{}\u00a0\u00bb custom_css_main_element_last_edited=\u00a0\u00bbon|phone\u00a0\u00bb custom_css_main_element_phone=\u00a0\u00bbdisplay: flex;||flex-direction: column;\u00a0\u00bb custom_css_main_element_tablet=\u00a0\u00bbdisplay: flex;||align-items: center;\u00a0\u00bb][et_pb_column type=\u00a0\u00bb4_4&Prime; _builder_version=\u00a0\u00bb4.23.4&Prime; _module_preset=\u00a0\u00bbdefault\u00a0\u00bb custom_padding=\u00a0\u00bb||||false|false\u00a0\u00bb custom_padding_tablet=\u00a0\u00bb||||false|false\u00a0\u00bb custom_padding_phone=\u00a0\u00bb||||false|false\u00a0\u00bb custom_padding_last_edited=\u00a0\u00bbon|phone\u00a0\u00bb global_colors_info=\u00a0\u00bb{}\u00a0\u00bb custom_css_main_element_last_edited=\u00a0\u00bboff|phone\u00a0\u00bb][et_pb_text module_class=\u00a0\u00bbjs-fade-in\u00a0\u00bb _builder_version=\u00a0\u00bb4.23.4&Prime; _module_preset=\u00a0\u00bbfc5e99a3-abe5-4537-b6cb-64bba992d5ec\u00a0\u00bb header_text_align=\u00a0\u00bbcenter\u00a0\u00bb header_text_color=\u00a0\u00bb#007f1f\u00a0\u00bb custom_margin=\u00a0\u00bb||1.5rem||false|false\u00a0\u00bb custom_margin_tablet=\u00a0\u00bb||1rem||false|false\u00a0\u00bb custom_margin_phone=\u00a0\u00bb||0.5rem||false|false\u00a0\u00bb custom_margin_last_edited=\u00a0\u00bbon|tablet\u00a0\u00bb global_colors_info=\u00a0\u00bb{}\u00a0\u00bb]<\/p>\n<h1>Actualit\u00e9s<\/h1>\n<p>[\/et_pb_text][et_pb_code _builder_version=\u00a0\u00bb4.23.4&Prime; _module_preset=\u00a0\u00bbdefault\u00a0\u00bb global_colors_info=\u00a0\u00bb{}\u00a0\u00bb]\n\t   \n\t\t<div id=\"gm-sOWfOvL8\" \n\t\t\tdata-grid-style=\"style-3\"\n\t\t\tclass=\"am_ajax_post_grid_wrap gm-sOWfOvL8 gridmaster-style-3\"\n\t\t\tdata-pagination_type=\"\" \n\t\t\tdata-am_ajax_post_grid='{&quot;post_type&quot;:&quot;post&quot;,&quot;posts_per_page&quot;:&quot;6&quot;,&quot;orderby&quot;:&quot;date&quot;,&quot;order&quot;:&quot;DESC&quot;,&quot;title_length&quot;:50,&quot;content_from&quot;:&quot;excerpt&quot;,&quot;excerpt_type&quot;:&quot;words&quot;,&quot;excerpt_length&quot;:&quot;15&quot;,&quot;show_read_more&quot;:&quot;yes&quot;,&quot;read_more_text&quot;:&quot;En savoir plus&quot;,&quot;show_filter&quot;:&quot;yes&quot;,&quot;btn_all&quot;:&quot;yes&quot;,&quot;cat&quot;:&quot;&quot;,&quot;paginate&quot;:&quot;no&quot;,&quot;hide_empty&quot;:&quot;1&quot;,&quot;pagination_type&quot;:&quot;&quot;,&quot;infinite_scroll&quot;:&quot;&quot;,&quot;animation&quot;:&quot;&quot;,&quot;grid_style&quot;:&quot;style-3&quot;,&quot;grid_id&quot;:&quot;gm-sOWfOvL8&quot;,&quot;taxonomy&quot;:&quot;category&quot;,&quot;terms&quot;:&quot;&quot;,&quot;grid_image_size&quot;:&quot;large&quot;,&quot;filter_heading&quot;:&quot;&quot;,&quot;toggle_filter_items&quot;:&quot;no&quot;,&quot;id&quot;:0}'>\n\n\t\t\t\t\t\t<div class=\"asr-filter-div\">\n\t\t\t\t<!-- Single Filter -->\n\t\t\t\t\t\t\t\t<div class=\"gm-filter-wrap gm-filter-toggle-no\">\n\t\t\t\t\t\n\t\t\t\t\t<div class=\"gm-single-filter\">\n\t\t\t\t\t\t\t\t\t\t\t\t\t\n\t<div class=\"gm-taxonomy-filter  gm-tax-filter-style-default gm-filter-grid-id-gm-sOWfOvL8 \">\n        \t\t<div class=\"gm-taxonomy-item gm-taxonomy-all\">\n\t\t\t<input type=\"radio\" name=\"tax_input[category][]\" id=\"gm-sOWfOvL8-category_all\" value=\"-1\" \/>\n\t\t\t<label class=\"asr_texonomy\" for=\"gm-sOWfOvL8-category_all\">All<\/label>\n\t\t<\/div>\n\t\t\t\t\t\t\t<div class=\"gm-taxonomy-item\">\n\t\t\t\t<input type=\"radio\" name=\"tax_input[category][]\" id=\"gm-sOWfOvL8-category_7\" value=\"7\" \/>\n\t\t\t\t<label class=\"asr_texonomy\" for=\"gm-sOWfOvL8-category_7\">Non classifi\u00e9(e)<\/label>\n\t\t\t<\/div>\n\t\t\t<\/div>\n\t\t\t\t\t<\/div>\n\t\t\t\t<\/div>\n\t\t\t\t<!-- End Single Filter -->\n\t\t\t<\/div>\n\t\t\t\t\t\t\t<div class=\"asr-ajax-container\">\n\t\t\t\t<div class=\"asr-loader\">\n\t\t\t\t\t<div class=\"lds-dual-ring\"><\/div>\n\t\t\t\t<\/div>\n\t\t\t\t<div class=\"asrafp-filter-result\">\n\t\t\t\t\t\n\t\t\t<div class=\"am_post_grid am__col-3 am_layout_1  \">\n\t\t\t\n\t\t\t\n\t\t\t\t<div class=\"am_grid_col\">\n\t<div class=\"am_single_grid\">\n\t\t<div class=\"am_thumb\">\n\t\t\t<img decoding=\"async\" width=\"1024\" height=\"683\" src=\"https:\/\/motownparc.com\/wp-content\/uploads\/2024\/07\/240625_MotownAnderlecht_FotoTinekeDeVos_LR-5050_b-1024x683.jpg\" class=\"attachment-large size-large wp-post-image\" alt=\"\" srcset=\"https:\/\/motownparc.com\/wp-content\/uploads\/2024\/07\/240625_MotownAnderlecht_FotoTinekeDeVos_LR-5050_b-980x653.jpg 980w, https:\/\/motownparc.com\/wp-content\/uploads\/2024\/07\/240625_MotownAnderlecht_FotoTinekeDeVos_LR-5050_b-480x320.jpg 480w\" sizes=\"(min-width: 0px) and (max-width: 480px) 480px, (min-width: 481px) and (max-width: 980px) 980px, (min-width: 981px) 1024px, 100vw\" \/>\t\t<\/div>\n\t\t\n\t\t<div class=\"am_cont\">\n\n\t\t\t<div class=\"gm-postmeta\">\n                <span class=\"gm-taxonomy\"><a class=\"gm-term\" href=\"https:\/\/motownparc.com\/category\/evenementen\/\">Evenementen<\/a><\/span> \n\t\t\t\t<span>on<\/span>\n                <span title=\"Posted on Juil 08, 2024\" class=\"gm-post-date\">Juil 08, 2024<\/span>                <span title=\"Posted by Aur\u00e9lie Haesaert\" class=\"gm-byline\"><span class=\"author vcard\"><a class=\"url fn n\" href=\"https:\/\/motownparc.com\/fr\/author\/gabari\/\">Aur\u00e9lie Haesaert<\/a><\/span><\/span>\t\t\t<\/div>\n\n            <h2 class=\"am__title\"><a href=\"https:\/\/motownparc.com\/fr\/decouvrez-l-appartement-temoin\/\">D\u00e9couvrez l&rsquo;appartement t\u00e9moin<\/a><\/h2>            <div class=\"am__excerpt\">Lorem ipsum dolor sit amet, consectetur adipisicing elit, sed do eiusmod tempor incididunt ut labore<\/div>            <div class=\"gm_read_more\"><a href=\"https:\/\/motownparc.com\/fr\/decouvrez-l-appartement-temoin\/\" class=\"am__readmore am__read_more_link\">En savoir plus<\/a><\/div>\t\t<\/div>\n\t<\/div>\n<\/div>\n\t\t\t\n\t\t\t\t<div class=\"am_grid_col\">\n\t<div class=\"am_single_grid\">\n\t\t<div class=\"am_thumb\">\n\t\t\t<img decoding=\"async\" width=\"1024\" height=\"767\" src=\"https:\/\/motownparc.com\/wp-content\/uploads\/2024\/04\/DJI_0345-1024x767.jpg\" class=\"attachment-large size-large wp-post-image\" alt=\"Motown Parc_unieke locatie\" srcset=\"https:\/\/motownparc.com\/wp-content\/uploads\/2024\/04\/DJI_0345-980x734.jpg 980w, https:\/\/motownparc.com\/wp-content\/uploads\/2024\/04\/DJI_0345-480x360.jpg 480w\" sizes=\"(min-width: 0px) and (max-width: 480px) 480px, (min-width: 481px) and (max-width: 980px) 980px, (min-width: 981px) 1024px, 100vw\" \/>\t\t<\/div>\n\t\t\n\t\t<div class=\"am_cont\">\n\n\t\t\t<div class=\"gm-postmeta\">\n                <span class=\"gm-taxonomy\"><a class=\"gm-term\" href=\"https:\/\/motownparc.com\/category\/evenementen\/\">Evenementen<\/a><\/span> \n\t\t\t\t<span>on<\/span>\n                <span title=\"Posted on Avr 13, 2024\" class=\"gm-post-date\">Avr 13, 2024<\/span>                <span title=\"Posted by webit\" class=\"gm-byline\"><span class=\"author vcard\"><a class=\"url fn n\" href=\"https:\/\/motownparc.com\/fr\/author\/webit\/\">webit<\/a><\/span><\/span>\t\t\t<\/div>\n\n            <h2 class=\"am__title\"><a href=\"https:\/\/motownparc.com\/fr\/un-oasis-en-ville-vivre-a-motown-parc-a-bruxelles\/\">Une oasis en ville : vivre \u00e0 Motown Parc \u00e0 Bruxelles<\/a><\/h2>            <div class=\"am__excerpt\">Lorem ipsum dolor sit amet, consectetur adipisicing elit, sed do eiusmod tempor incididunt ut labore<\/div>            <div class=\"gm_read_more\"><a href=\"https:\/\/motownparc.com\/fr\/un-oasis-en-ville-vivre-a-motown-parc-a-bruxelles\/\" class=\"am__readmore am__read_more_link\">En savoir plus<\/a><\/div>\t\t<\/div>\n\t<\/div>\n<\/div>\n\t\t\t\n\t\t\t\t<div class=\"am_grid_col\">\n\t<div class=\"am_single_grid\">\n\t\t<div class=\"am_thumb\">\n\t\t\t<img decoding=\"async\" width=\"1024\" height=\"683\" src=\"https:\/\/motownparc.com\/wp-content\/uploads\/2024\/04\/iStock-607485814-1024x683.jpg\" class=\"attachment-large size-large wp-post-image\" alt=\"\" srcset=\"https:\/\/motownparc.com\/wp-content\/uploads\/2024\/04\/iStock-607485814-1024x683.jpg 1024w, https:\/\/motownparc.com\/wp-content\/uploads\/2024\/04\/iStock-607485814-980x653.jpg 980w, https:\/\/motownparc.com\/wp-content\/uploads\/2024\/04\/iStock-607485814-480x320.jpg 480w\" sizes=\"(min-width: 0px) and (max-width: 480px) 480px, (min-width: 481px) and (max-width: 980px) 980px, (min-width: 981px) 1024px, 100vw\" \/>\t\t<\/div>\n\t\t\n\t\t<div class=\"am_cont\">\n\n\t\t\t<div class=\"gm-postmeta\">\n                <span class=\"gm-taxonomy\"><a class=\"gm-term\" href=\"https:\/\/motownparc.com\/category\/nieuws\/\">Nieuws<\/a><\/span> \n\t\t\t\t<span>on<\/span>\n                <span title=\"Posted on Avr 13, 2024\" class=\"gm-post-date\">Avr 13, 2024<\/span>                <span title=\"Posted by webit\" class=\"gm-byline\"><span class=\"author vcard\"><a class=\"url fn n\" href=\"https:\/\/motownparc.com\/fr\/author\/webit\/\">webit<\/a><\/span><\/span>\t\t\t<\/div>\n\n            <h2 class=\"am__title\"><a href=\"https:\/\/motownparc.com\/fr\/vivre-en-famille-a-motownparc\/\">De la cr\u00e8che au club de sport : vivre en famille \u00e0 Motown Parc<\/a><\/h2>            <div class=\"am__excerpt\">Lorem ipsum dolor sit amet, consectetur adipisicing elit, sed do eiusmod tempor incididunt ut labore<\/div>            <div class=\"gm_read_more\"><a href=\"https:\/\/motownparc.com\/fr\/vivre-en-famille-a-motownparc\/\" class=\"am__readmore am__read_more_link\">En savoir plus<\/a><\/div>\t\t<\/div>\n\t<\/div>\n<\/div>\n\t\t\t\n\t\t\t\t<div class=\"am_grid_col\">\n\t<div class=\"am_single_grid\">\n\t\t<div class=\"am_thumb\">\n\t\t\t<img decoding=\"async\" width=\"1024\" height=\"682\" src=\"https:\/\/motownparc.com\/wp-content\/uploads\/2024\/01\/image-1-1024x682.jpeg\" class=\"attachment-large size-large wp-post-image\" alt=\"\" srcset=\"https:\/\/motownparc.com\/wp-content\/uploads\/2024\/01\/image-1-1024x682.jpeg 1024w, https:\/\/motownparc.com\/wp-content\/uploads\/2024\/01\/image-1-980x653.jpeg 980w, https:\/\/motownparc.com\/wp-content\/uploads\/2024\/01\/image-1-480x320.jpeg 480w\" sizes=\"(min-width: 0px) and (max-width: 480px) 480px, (min-width: 481px) and (max-width: 980px) 980px, (min-width: 981px) 1024px, 100vw\" \/>\t\t<\/div>\n\t\t\n\t\t<div class=\"am_cont\">\n\n\t\t\t<div class=\"gm-postmeta\">\n                <span class=\"gm-taxonomy\"><a class=\"gm-term\" href=\"https:\/\/motownparc.com\/category\/evenementen\/\">Evenementen<\/a><\/span> \n\t\t\t\t<span>on<\/span>\n                <span title=\"Posted on Avr 13, 2024\" class=\"gm-post-date\">Avr 13, 2024<\/span>                <span title=\"Posted by webit\" class=\"gm-byline\"><span class=\"author vcard\"><a class=\"url fn n\" href=\"https:\/\/motownparc.com\/fr\/author\/webit\/\">webit<\/a><\/span><\/span>\t\t\t<\/div>\n\n            <h2 class=\"am__title\"><a href=\"https:\/\/motownparc.com\/fr\/vivre-avec-style-a-motownparc\/\">Vivre avec style : d\u00e9couvrez les appartements neufs<\/a><\/h2>            <div class=\"am__excerpt\">Lorem ipsum dolor sit amet, consectetur adipisicing elit, sed do eiusmod tempor incididunt ut labore<\/div>            <div class=\"gm_read_more\"><a href=\"https:\/\/motownparc.com\/fr\/vivre-avec-style-a-motownparc\/\" class=\"am__readmore am__read_more_link\">En savoir plus<\/a><\/div>\t\t<\/div>\n\t<\/div>\n<\/div>\n\t\t\t\n\t\t\t\t<div class=\"am_grid_col\">\n\t<div class=\"am_single_grid\">\n\t\t<div class=\"am_thumb\">\n\t\t\t<img decoding=\"async\" width=\"1024\" height=\"572\" src=\"https:\/\/motownparc.com\/wp-content\/uploads\/2024\/04\/Schermafbeelding-2024-04-03-om-09.20.50-1024x572.png\" class=\"attachment-large size-large wp-post-image\" alt=\"Motown Parc_unieke locatie Scheutbospark\" srcset=\"https:\/\/motownparc.com\/wp-content\/uploads\/2024\/04\/Schermafbeelding-2024-04-03-om-09.20.50-980x548.png 980w, https:\/\/motownparc.com\/wp-content\/uploads\/2024\/04\/Schermafbeelding-2024-04-03-om-09.20.50-480x268.png 480w\" sizes=\"(min-width: 0px) and (max-width: 480px) 480px, (min-width: 481px) and (max-width: 980px) 980px, (min-width: 981px) 1024px, 100vw\" \/>\t\t<\/div>\n\t\t\n\t\t<div class=\"am_cont\">\n\n\t\t\t<div class=\"gm-postmeta\">\n                <span class=\"gm-taxonomy\"><a class=\"gm-term\" href=\"https:\/\/motownparc.com\/fr\/category\/non-classifiee\/\">Non classifi\u00e9(e)<\/a><\/span> \n\t\t\t\t<span>on<\/span>\n                <span title=\"Posted on F\u00e9v 19, 2024\" class=\"gm-post-date\">F\u00e9v 19, 2024<\/span>                <span title=\"Posted by Aur\u00e9lie Haesaert\" class=\"gm-byline\"><span class=\"author vcard\"><a class=\"url fn n\" href=\"https:\/\/motownparc.com\/fr\/author\/gabari\/\">Aur\u00e9lie Haesaert<\/a><\/span><\/span>\t\t\t<\/div>\n\n            <h2 class=\"am__title\"><a href=\"https:\/\/motownparc.com\/fr\/la-construction-touche-a-sa-fin-motownparc\/\">La construction touche \u00e0 sa fin.<\/a><\/h2>            <div class=\"am__excerpt\">Lorem ipsum dolor sit amet, consectetur adipisicing elit, sed do eiusmod tempor incididunt ut labore<\/div>            <div class=\"gm_read_more\"><a href=\"https:\/\/motownparc.com\/fr\/la-construction-touche-a-sa-fin-motownparc\/\" class=\"am__readmore am__read_more_link\">En savoir plus<\/a><\/div>\t\t<\/div>\n\t<\/div>\n<\/div>\n\t\t\t\t\t\t<\/div>\n\n\t\t\t<div class=\"am_posts_navigation\">\n\t\t\t<div class=\"am_posts_navigation_init\"><\/div>\t\t\t<\/div>\n\n\t\t\t\t\t\t\t<\/div>\n\t\t\t<\/div>\n\t\t<\/div>\n\t\n\t\t[\/et_pb_code][\/et_pb_column][\/et_pb_row][\/et_pb_section]<\/p>\n","protected":false},"excerpt":{"rendered":"<p>D\u00e9couvrez les derni\u00e8res nouveaut\u00e9s sur le projet immobilier Motown Parc. 64 appartements neufs et exclusifs avec une vue magnifique sur le parc de Scheutbos.<\/p>\n","protected":false},"author":6,"featured_media":0,"parent":0,"menu_order":0,"comment_status":"closed","ping_status":"closed","template":"","meta":{"_et_pb_use_builder":"on","_et_pb_old_content":"","_et_gb_content_width":"","inline_featured_image":false,"footnotes":""},"dipi_cpt_category":[],"class_list":["post-1018","page","type-page","status-publish","hentry"],"yoast_head":"<!-- This site is optimized with the Yoast SEO plugin v27.5 - https:\/\/yoast.com\/product\/yoast-seo-wordpress\/ -->\n<title>Actualit\u00e9s - Motown Parc<\/title>\n<meta name=\"description\" content=\"D\u00e9couvrez les derni\u00e8res nouveaut\u00e9s sur Motown Parc. 64 appartements neufs et exclusifs avec une vue magnifique sur le parc de Scheutbos.\" \/>\n<meta name=\"robots\" content=\"index, follow, max-snippet:-1, max-image-preview:large, max-video-preview:-1\" \/>\n<link rel=\"canonical\" href=\"https:\/\/motownparc.com\/fr\/actualites\/\" \/>\n<meta property=\"og:locale\" content=\"fr_FR\" \/>\n<meta property=\"og:type\" content=\"article\" \/>\n<meta property=\"og:title\" content=\"Actualit\u00e9s - Motown Parc\" \/>\n<meta property=\"og:description\" content=\"D\u00e9couvrez les derni\u00e8res nouveaut\u00e9s sur Motown Parc. 64 appartements neufs et exclusifs avec une vue magnifique sur le parc de Scheutbos.\" \/>\n<meta property=\"og:url\" content=\"https:\/\/motownparc.com\/fr\/actualites\/\" \/>\n<meta property=\"og:site_name\" content=\"Motown Parc\" \/>\n<meta property=\"article:publisher\" content=\"https:\/\/www.facebook.com\/MotownParc\" \/>\n<meta property=\"article:modified_time\" content=\"2024-11-04T12:34:58+00:00\" \/>\n<meta property=\"og:image\" content=\"https:\/\/motownparc.com\/wp-content\/uploads\/2024\/01\/image-1.jpeg\" \/>\n\t<meta property=\"og:image:width\" content=\"1280\" \/>\n\t<meta property=\"og:image:height\" content=\"853\" \/>\n\t<meta property=\"og:image:type\" content=\"image\/jpeg\" \/>\n<meta name=\"twitter:card\" content=\"summary_large_image\" \/>\n<meta name=\"twitter:label1\" content=\"Dur\u00e9e de lecture estim\u00e9e\" \/>\n\t<meta name=\"twitter:data1\" content=\"2 minutes\" \/>\n<script type=\"application\/ld+json\" class=\"yoast-schema-graph\">{\"@context\":\"https:\\\/\\\/schema.org\",\"@graph\":[{\"@type\":\"WebPage\",\"@id\":\"https:\\\/\\\/motownparc.com\\\/fr\\\/actualites\\\/\",\"url\":\"https:\\\/\\\/motownparc.com\\\/fr\\\/actualites\\\/\",\"name\":\"Actualit\u00e9s - Motown Parc\",\"isPartOf\":{\"@id\":\"https:\\\/\\\/motownparc.com\\\/fr\\\/#website\"},\"datePublished\":\"2024-04-13T12:18:29+00:00\",\"dateModified\":\"2024-11-04T12:34:58+00:00\",\"description\":\"D\u00e9couvrez les derni\u00e8res nouveaut\u00e9s sur Motown Parc. 64 appartements neufs et exclusifs avec une vue magnifique sur le parc de Scheutbos.\",\"breadcrumb\":{\"@id\":\"https:\\\/\\\/motownparc.com\\\/fr\\\/actualites\\\/#breadcrumb\"},\"inLanguage\":\"fr-FR\",\"potentialAction\":[{\"@type\":\"ReadAction\",\"target\":[\"https:\\\/\\\/motownparc.com\\\/fr\\\/actualites\\\/\"]}]},{\"@type\":\"BreadcrumbList\",\"@id\":\"https:\\\/\\\/motownparc.com\\\/fr\\\/actualites\\\/#breadcrumb\",\"itemListElement\":[{\"@type\":\"ListItem\",\"position\":1,\"name\":\"Home\",\"item\":\"https:\\\/\\\/motownparc.com\\\/fr\\\/\"},{\"@type\":\"ListItem\",\"position\":2,\"name\":\"Actualit\u00e9s\"}]},{\"@type\":\"WebSite\",\"@id\":\"https:\\\/\\\/motownparc.com\\\/fr\\\/#website\",\"url\":\"https:\\\/\\\/motownparc.com\\\/fr\\\/\",\"name\":\"Motown Parc\",\"description\":\"Exclusief wonen in het groen in Brussel\",\"publisher\":{\"@id\":\"https:\\\/\\\/motownparc.com\\\/fr\\\/#organization\"},\"potentialAction\":[{\"@type\":\"SearchAction\",\"target\":{\"@type\":\"EntryPoint\",\"urlTemplate\":\"https:\\\/\\\/motownparc.com\\\/fr\\\/?s={search_term_string}\"},\"query-input\":{\"@type\":\"PropertyValueSpecification\",\"valueRequired\":true,\"valueName\":\"search_term_string\"}}],\"inLanguage\":\"fr-FR\"},{\"@type\":\"Organization\",\"@id\":\"https:\\\/\\\/motownparc.com\\\/fr\\\/#organization\",\"name\":\"Motown\",\"url\":\"https:\\\/\\\/motownparc.com\\\/fr\\\/\",\"logo\":{\"@type\":\"ImageObject\",\"inLanguage\":\"fr-FR\",\"@id\":\"https:\\\/\\\/motownparc.com\\\/fr\\\/#\\\/schema\\\/logo\\\/image\\\/\",\"url\":\"https:\\\/\\\/motownparc.com\\\/wp-content\\\/uploads\\\/2024\\\/03\\\/cropped-favicon.png\",\"contentUrl\":\"https:\\\/\\\/motownparc.com\\\/wp-content\\\/uploads\\\/2024\\\/03\\\/cropped-favicon.png\",\"width\":512,\"height\":512,\"caption\":\"Motown\"},\"image\":{\"@id\":\"https:\\\/\\\/motownparc.com\\\/fr\\\/#\\\/schema\\\/logo\\\/image\\\/\"},\"sameAs\":[\"https:\\\/\\\/www.facebook.com\\\/MotownParc\",\"https:\\\/\\\/www.instagram.com\\\/motownparc\\\/\"]}]}<\/script>\n<!-- \/ Yoast SEO plugin. -->","yoast_head_json":{"title":"Actualit\u00e9s - Motown Parc","description":"D\u00e9couvrez les derni\u00e8res nouveaut\u00e9s sur Motown Parc. 64 appartements neufs et exclusifs avec une vue magnifique sur le parc de Scheutbos.","robots":{"index":"index","follow":"follow","max-snippet":"max-snippet:-1","max-image-preview":"max-image-preview:large","max-video-preview":"max-video-preview:-1"},"canonical":"https:\/\/motownparc.com\/fr\/actualites\/","og_locale":"fr_FR","og_type":"article","og_title":"Actualit\u00e9s - Motown Parc","og_description":"D\u00e9couvrez les derni\u00e8res nouveaut\u00e9s sur Motown Parc. 64 appartements neufs et exclusifs avec une vue magnifique sur le parc de Scheutbos.","og_url":"https:\/\/motownparc.com\/fr\/actualites\/","og_site_name":"Motown Parc","article_publisher":"https:\/\/www.facebook.com\/MotownParc","article_modified_time":"2024-11-04T12:34:58+00:00","og_image":[{"width":1280,"height":853,"url":"https:\/\/motownparc.com\/wp-content\/uploads\/2024\/01\/image-1.jpeg","type":"image\/jpeg"}],"twitter_card":"summary_large_image","twitter_misc":{"Dur\u00e9e de lecture estim\u00e9e":"2 minutes"},"schema":{"@context":"https:\/\/schema.org","@graph":[{"@type":"WebPage","@id":"https:\/\/motownparc.com\/fr\/actualites\/","url":"https:\/\/motownparc.com\/fr\/actualites\/","name":"Actualit\u00e9s - Motown Parc","isPartOf":{"@id":"https:\/\/motownparc.com\/fr\/#website"},"datePublished":"2024-04-13T12:18:29+00:00","dateModified":"2024-11-04T12:34:58+00:00","description":"D\u00e9couvrez les derni\u00e8res nouveaut\u00e9s sur Motown Parc. 64 appartements neufs et exclusifs avec une vue magnifique sur le parc de Scheutbos.","breadcrumb":{"@id":"https:\/\/motownparc.com\/fr\/actualites\/#breadcrumb"},"inLanguage":"fr-FR","potentialAction":[{"@type":"ReadAction","target":["https:\/\/motownparc.com\/fr\/actualites\/"]}]},{"@type":"BreadcrumbList","@id":"https:\/\/motownparc.com\/fr\/actualites\/#breadcrumb","itemListElement":[{"@type":"ListItem","position":1,"name":"Home","item":"https:\/\/motownparc.com\/fr\/"},{"@type":"ListItem","position":2,"name":"Actualit\u00e9s"}]},{"@type":"WebSite","@id":"https:\/\/motownparc.com\/fr\/#website","url":"https:\/\/motownparc.com\/fr\/","name":"Motown Parc","description":"Exclusief wonen in het groen in Brussel","publisher":{"@id":"https:\/\/motownparc.com\/fr\/#organization"},"potentialAction":[{"@type":"SearchAction","target":{"@type":"EntryPoint","urlTemplate":"https:\/\/motownparc.com\/fr\/?s={search_term_string}"},"query-input":{"@type":"PropertyValueSpecification","valueRequired":true,"valueName":"search_term_string"}}],"inLanguage":"fr-FR"},{"@type":"Organization","@id":"https:\/\/motownparc.com\/fr\/#organization","name":"Motown","url":"https:\/\/motownparc.com\/fr\/","logo":{"@type":"ImageObject","inLanguage":"fr-FR","@id":"https:\/\/motownparc.com\/fr\/#\/schema\/logo\/image\/","url":"https:\/\/motownparc.com\/wp-content\/uploads\/2024\/03\/cropped-favicon.png","contentUrl":"https:\/\/motownparc.com\/wp-content\/uploads\/2024\/03\/cropped-favicon.png","width":512,"height":512,"caption":"Motown"},"image":{"@id":"https:\/\/motownparc.com\/fr\/#\/schema\/logo\/image\/"},"sameAs":["https:\/\/www.facebook.com\/MotownParc","https:\/\/www.instagram.com\/motownparc\/"]}]}},"_links":{"self":[{"href":"https:\/\/motownparc.com\/fr\/wp-json\/wp\/v2\/pages\/1018","targetHints":{"allow":["GET"]}}],"collection":[{"href":"https:\/\/motownparc.com\/fr\/wp-json\/wp\/v2\/pages"}],"about":[{"href":"https:\/\/motownparc.com\/fr\/wp-json\/wp\/v2\/types\/page"}],"author":[{"embeddable":true,"href":"https:\/\/motownparc.com\/fr\/wp-json\/wp\/v2\/users\/6"}],"replies":[{"embeddable":true,"href":"https:\/\/motownparc.com\/fr\/wp-json\/wp\/v2\/comments?post=1018"}],"version-history":[{"count":5,"href":"https:\/\/motownparc.com\/fr\/wp-json\/wp\/v2\/pages\/1018\/revisions"}],"predecessor-version":[{"id":1358,"href":"https:\/\/motownparc.com\/fr\/wp-json\/wp\/v2\/pages\/1018\/revisions\/1358"}],"wp:attachment":[{"href":"https:\/\/motownparc.com\/fr\/wp-json\/wp\/v2\/media?parent=1018"}],"wp:term":[{"taxonomy":"dipi_cpt_category","embeddable":true,"href":"https:\/\/motownparc.com\/fr\/wp-json\/wp\/v2\/dipi_cpt_category?post=1018"}],"curies":[{"name":"wp","href":"https:\/\/api.w.org\/{rel}","templated":true}]}}